{"id":4885,"date":"2023-01-07T14:46:00","date_gmt":"2023-01-07T06:46:00","guid":{"rendered":"https:\/\/www.shuliy.com\/?page_id=4885"},"modified":"2023-02-21T17:23:12","modified_gmt":"2023-02-21T09:23:12","slug":"about-us","status":"publish","type":"page","link":"https:\/\/www.shuliy.com\/vi\/about-us\/","title":{"rendered":"V\u1ec1 Shuliy"},"content":{"rendered":"<h2 class=\"wp-block-heading\">Ch\u00fang t\u00f4i l\u00e0 ai?<\/h2>    <div class=\"wp-block-media-text alignwide is-stacked-on-mobile\"><figure class=\"wp-block-media-text__media\"><img loading=\"lazy\" decoding=\"async\" width=\"720\" height=\"540\" src=\"https:\/\/www.shuliy.com\/wp-content\/uploads\/2023\/01\/Shuliy-factory-.webp\" alt=\"\" class=\"wp-image-4943 size-full\"\/><\/figure><div class=\"wp-block-media-text__content\"> <p class=\"translation-block\">C\u00f4ng ty TNHH M\u00e1y m\u00f3c Shuliy l\u00e0 m\u1ed9t c\u00f4ng ty nghi\u00ean c\u1ee9u, ph\u00e1t tri\u1ec3n v\u00e0 s\u1ea3n xu\u1ea5t m\u00e1y m\u00f3c n\u1ed5i ti\u1ebfng. C\u00e1c m\u00e1y c\u1ee7a ch\u00fang t\u00f4i \u0111\u01b0\u1ee3c s\u1eed d\u1ee5ng trong nhi\u1ec1u l\u0129nh v\u1ef1c, ch\u1ee7 y\u1ebfu l\u00e0 <strong><em>thi\u1ebft b\u1ecb t\u00e1i ch\u1ebf t\u00e0i nguy\u00ean, thi\u1ebft b\u1ecb n\u00f4ng nghi\u1ec7p, thi\u1ebft b\u1ecb ch\u1ebf bi\u1ebfn th\u1ef1c ph\u1ea9m, v\u00e0 m\u00e1y \u0111\u00f3ng g\u00f3i<\/em><\/strong>. Ch\u00fang t\u00f4i cung c\u1ea5p c\u00e1c m\u00e1y ri\u00eang l\u1ebb c\u0169ng nh\u01b0 gi\u1ea3i ph\u00e1p m\u00e1y chuy\u00ean nghi\u1ec7p cho kh\u00e1ch h\u00e0ng.<\/p> <\/div><\/div>    <div class=\"wp-block-media-text alignwide has-media-on-the-right is-stacked-on-mobile\"><div class=\"wp-block-media-text__content\"> <p class=\"translation-block\">Ch\u00fang t\u00f4i s\u1ea3n xu\u1ea5t m\u00e1y m\u00f3c cho t\u1eebng l\u0129nh v\u1ef1c m\u1ed9t c\u00e1ch c\u1ea9n th\u1eadn. Ngo\u00e0i c\u00e1c m\u00e1y ri\u00eang l\u1ebb, ch\u00fang t\u00f4i c\u00f2n cung c\u1ea5p c\u00e1c d\u00e2y chuy\u1ec1n s\u1ea3n xu\u1ea5t l\u1edbn. V\u00ed d\u1ee5, <strong><em>d\u00e2y chuy\u1ec1n s\u1ea3n xu\u1ea5t than, d\u00e2y chuy\u1ec1n t\u00e1i ch\u1ebf chai nh\u1ef1a, d\u00e2y chuy\u1ec1n s\u1ea3n xu\u1ea5t b\u1ed9t c\u00e1, d\u00e2y chuy\u1ec1n s\u1ea3n xu\u1ea5t khay tr\u1ee9ng, d\u00e2y chuy\u1ec1n l\u00e0m khoai t\u00e2y chi\u00ean,<\/em><\/strong> vv. Ch\u00fang t\u00f4i c\u0169ng cung c\u1ea5p d\u1ecbch v\u1ee5 li\u00ean quan \u0111\u1ebfn b\u1ea3n v\u1ebd thi\u1ebft k\u1ebf nh\u00e0 m\u00e1y, b\u1ea3n v\u1ebd 3D c\u1ee7a d\u00e2y chuy\u1ec1n s\u1ea3n xu\u1ea5t, v\u00e0 k\u1ef9 s\u01b0 \u0111i n\u01b0\u1edbc ngo\u00e0i l\u1eafp \u0111\u1eb7t thi\u1ebft b\u1ecb.<\/p> <\/div><figure class=\"wp-block-media-text__media\"><img loading=\"lazy\" decoding=\"async\" width=\"720\" height=\"540\" src=\"https:\/\/www.shuliy.com\/wp-content\/uploads\/2023\/01\/Shuliy-machine-solutions-.webp\" alt=\"\" class=\"wp-image-4952 size-full\"\/><\/figure><\/div>    <h2 class=\"wp-block-heading\">V\u0103n h\u00f3a Shuliy<\/h2>    <div class=\"wp-block-media-text alignwide is-stacked-on-mobile\"><figure class=\"wp-block-media-text__media\"><img loading=\"lazy\" decoding=\"async\" width=\"720\" height=\"540\" src=\"https:\/\/www.shuliy.com\/wp-content\/uploads\/2023\/01\/Shuliy-culture-.webp\" alt=\"\" class=\"wp-image-4955 size-full\"\/><\/figure><div class=\"wp-block-media-text__content\"> <p>S\u1ee9 m\u1ec7nh c\u1ee7a M\u00e1y m\u00f3c Shuliy: \u0110\u1ec3 m\u00e1y m\u00f3c Trung Qu\u1ed1c thay \u0111\u1ed5i m\u1ecdi ng\u00f3c ng\u00e1ch c\u1ee7a th\u1ebf gi\u1edbi.<\/p>    <p>T\u1ea7m nh\u00ecn c\u1ee7a M\u00e1y m\u00f3c Shuliy: N\u00e2ng cao gi\u00e1 tr\u1ecb kh\u00e1ch h\u00e0ng v\u00e0 mang l\u1ea1i s\u1ef1 ph\u00e1t tri\u1ec3n cho nh\u00e2n vi\u00ean!<\/p>    <p>Gi\u00e1 tr\u1ecb nh\u00e2n vi\u00ean Shuliy: ch\u00ednh tr\u1ef1c, bi\u1ebft \u01a1n, v\u1ecb tha, n\u0103ng l\u01b0\u1ee3ng t\u00edch c\u1ef1c, ch\u1ea5p nh\u1eadn thay \u0111\u1ed5i v\u00e0 tinh th\u1ea7n \u0111\u1ed3ng \u0111\u1ed9i.<\/p>    <p>K\u1ec3 t\u1eeb khi th\u00e0nh l\u1eadp, Shuliy lu\u00f4n h\u01b0\u1edbng t\u1edbi vi\u1ec7c mang l\u1ea1i s\u1ef1 ti\u1ec7n l\u1ee3i l\u1edbn h\u01a1n cho kh\u00e1ch h\u00e0ng v\u1edbi thi\u1ebft b\u1ecb ch\u1ea5t l\u01b0\u1ee3ng. Ch\u00fang t\u00f4i kh\u00f4ng ng\u1eebng \u0111\u1ed5i m\u1edbi v\u00e0 ph\u00e1t tri\u1ec3n trong c\u00e1c l\u0129nh v\u1ef1c li\u00ean quan. Ngo\u00e0i vi\u1ec7c cung c\u1ea5p m\u00e1y ch\u1ea5t l\u01b0\u1ee3ng cao, ch\u00fang t\u00f4i t\u1eadp trung v\u00e0o vi\u1ec7c cung c\u1ea5p d\u1ecbch v\u1ee5 to\u00e0n di\u1ec7n cho kh\u00e1ch h\u00e0ng. <\/p>    <p>C\u00e1c d\u1ecbch v\u1ee5 n\u00e0y bao g\u1ed3m cung c\u1ea5p th\u00f4ng tin m\u00e1y m\u00f3c, t\u00f9y ch\u1ec9nh m\u00e1y, nhi\u1ec1u ph\u01b0\u01a1ng th\u1ee9c thanh to\u00e1n, l\u1eafp \u0111\u1eb7t v\u00e0 v\u1eadn h\u00e0nh m\u00e1y, \u0111\u00f3ng g\u00f3i v\u00e0 v\u1eadn chuy\u1ec3n. V\u00e0 d\u1ecbch v\u1ee5 h\u1eadu m\u00e3i c\u1ee7a ch\u00fang t\u00f4i, t\u1ea5t c\u1ea3 kh\u00e1ch h\u00e0ng \u0111\u00e3 h\u1ee3p t\u00e1c v\u1edbi ch\u00fang t\u00f4i \u0111\u1ec1u r\u1ea5t h\u00e0i l\u00f2ng v\u1edbi d\u1ecbch v\u1ee5 c\u1ee7a ch\u00fang t\u00f4i.<\/p> <\/div><\/div>    <h2 class=\"wp-block-heading\">Ch\u1ee9ng ch\u1ec9 v\u00e0 danh hi\u1ec7u<\/h2>    <p>M\u00e1y m\u00f3c Shuliy \u0111\u00e3 nh\u1eadn \u0111\u01b0\u1ee3c nhi\u1ec1u danh hi\u1ec7u v\u1ec1 s\u1ea3n ph\u1ea9m ch\u1ea5t l\u01b0\u1ee3ng cao, d\u1ecbch v\u1ee5 xu\u1ea5t s\u1eafc v\u00e0 s\u1ef1 \u1ee7ng h\u1ed9 c\u1ee7a nhi\u1ec1u kh\u00e1ch h\u00e0ng. C\u00f4ng ty ch\u00fang t\u00f4i \u0111\u00e3 \u0111\u1ea1t ch\u1ee9ng nh\u1eadn ISO 9001 v\u00e0 h\u1ea7u h\u1ebft c\u00e1c s\u1ea3n ph\u1ea9m c\u00f3 ch\u1ee9ng nh\u1eadn CE. Ch\u00fang t\u00f4i c\u0169ng c\u00f3 th\u1ec3 l\u1ea5y PVOC, SONCAP, SABER, v\u00e0 C\/O \u01afu \u0111\u00e3i \u0111\u1ec3 gi\u00fap kh\u00e1ch h\u00e0ng d\u1ec5 d\u00e0ng l\u00e0m th\u1ee7 t\u1ee5c nh\u1eadp kh\u1ea9u. Ch\u00fang t\u00f4i s\u1ebd ti\u1ebfp t\u1ee5c n\u1ed7 l\u1ef1c h\u01a1n n\u1eefa trong l\u0129nh v\u1ef1c c\u00e1c m\u00e1y n\u00e0y \u0111\u1ec3 mang \u0111\u1ebfn thi\u1ebft b\u1ecb ch\u1ea5t l\u01b0\u1ee3ng t\u1ed1t h\u01a1n cho kh\u00e1ch h\u00e0ng!<\/p>    <figure class=\"wp-block-gallery has-nested-images columns-default is-cropped wp-block-gallery-2 is-layout-flex wp-block-gallery-is-layout-flex\"> <figure class=\"wp-block-image size-large\"><img loading=\"lazy\" decoding=\"async\" width=\"720\" height=\"540\" data-id=\"4959\" src=\"https:\/\/www.shuliy.com\/wp-content\/uploads\/2023\/01\/Shuliy-qualifications-.webp\" alt=\"\" class=\"wp-image-4959\" title=\"Ch\u1ee9ng ch\u1ec9 c\u1ee7a Shuliy\"\/><figcaption class=\"wp-element-caption\">Ch\u1ee9ng ch\u1ec9 c\u1ee7a Shuliy<\/figcaption><\/figure>    <figure class=\"wp-block-image size-large\"><img loading=\"lazy\" decoding=\"async\" width=\"720\" height=\"540\" data-id=\"4960\" src=\"https:\/\/www.shuliy.com\/wp-content\/uploads\/2023\/01\/Shuliy-certifications-.jpg\" alt=\"\" class=\"wp-image-4960\" title=\"Ch\u1ee9ng nh\u1eadn c\u1ee7a Shuliy\"\/><figcaption class=\"wp-element-caption\">Ch\u1ee9ng nh\u1eadn c\u1ee7a Shuliy<\/figcaption><\/figure> <\/figure>    <h2 class=\"wp-block-heading\">Kh\u00e1ch h\u00e0ng to\u00e0n c\u1ea7u c\u1ee7a Shuliy<\/h2>    <div class=\"wp-block-media-text alignwide is-stacked-on-mobile\"><figure class=\"wp-block-media-text__media\"><img loading=\"lazy\" decoding=\"async\" width=\"720\" height=\"540\" src=\"https:\/\/www.shuliy.com\/wp-content\/uploads\/2023\/01\/Shuliy-global-customers-1-1.webp\" alt=\"\" class=\"wp-image-4966 size-full\"\/><\/figure><div class=\"wp-block-media-text__content\"> <p>K\u1ec3 t\u1eeb khi xu\u1ea5t kh\u1ea9u, thi\u1ebft b\u1ecb c\u1ee7a ch\u00fang t\u00f4i \u0111\u00e3 \u0111\u01b0\u1ee3c nhi\u1ec1u qu\u1ed1c gia \u0111\u00f3n nh\u1eadn. V\u00ed d\u1ee5, M\u1ef9, Nga, Argentina, Ethiopia, \u1ea2 R\u1eadp Saudi, Congo, Nigeria, Indonesia, Tunisia, Brazil, Burundi, Colombia, v\u00e0 c\u00e1c qu\u1ed1c gia kh\u00e1c. \u0110\u1ed3ng th\u1eddi, do ch\u1ea5t l\u01b0\u1ee3ng v\u00e0 hi\u1ec7u qu\u1ea3 l\u00e0m vi\u1ec7c xu\u1ea5t s\u1eafc c\u1ee7a m\u00e1y m\u00f3c ch\u00fang t\u00f4i, ch\u00fang t\u00f4i \u0111\u00e3 duy tr\u00ec h\u1ee3p t\u00e1c l\u00e2u d\u00e0i v\u1edbi nhi\u1ec1u kh\u00e1ch h\u00e0ng.<\/p> <\/div><\/div>    <h2 class=\"wp-block-heading\">Y\u00eau th\u00edch c\u1ee7a kh\u00e1ch h\u00e0ng \u2013 \u0111\u1ed9ng l\u1ef1c l\u1edbn nh\u1ea5t c\u1ee7a ch\u00fang t\u00f4i<\/h2>    <p>Ch\u00fang t\u00f4i c\u00f3 kh\u00e1ch h\u00e0ng t\u1eeb kh\u1eafp n\u01a1i tr\u00ean th\u1ebf gi\u1edbi. Kh\u00e1ch h\u00e0ng n\u00f3i r\u1eb1ng c\u00e1c m\u00e1y h\u1ecd nh\u1eadn \u0111\u01b0\u1ee3c ho\u1ea1t \u0111\u1ed9ng r\u1ea5t t\u1ed1t, h\u1ecd s\u1ebd ti\u1ebfp t\u1ee5c h\u1ee3p t\u00e1c v\u1edbi ch\u00fang t\u00f4i! N\u1ebfu b\u1ea1n c\u00f3 b\u1ea5t k\u1ef3 c\u00e2u h\u1ecfi n\u00e0o, vui l\u00f2ng li\u00ean h\u1ec7 v\u1edbi ch\u00fang t\u00f4i. Ch\u00fang t\u00f4i s\u1ebd ph\u1ea3n h\u1ed3i b\u1ea1n s\u1edbm nh\u1ea5t c\u00f3 th\u1ec3!<\/p>    <figure class=\"wp-block-image size-full is-resized\"><img loading=\"lazy\" decoding=\"async\" src=\"https:\/\/www.shuliy.com\/wp-content\/uploads\/2023\/01\/customers-feedback-1-2.webp\" alt=\"\" class=\"wp-image-4973\" width=\"720\" height=\"540\"\/><\/figure>","protected":false},"excerpt":{"rendered":"<p>tr\u00edch \u0111o\u1ea1n v\u1ec1 (b\u00e0i \u0111\u0103ng)<\/p>","protected":false},"author":1,"featured_media":4891,"parent":0,"menu_order":0,"comment_status":"closed","ping_status":"closed","template":"post-templates\/page-right-content.php","meta":{"footnotes":""},"class_list":["post-4885","page","type-page","status-publish","has-post-thumbnail","hentry"],"_links":{"self":[{"href":"https:\/\/www.shuliy.com\/vi\/wp-json\/wp\/v2\/pages\/4885","targetHints":{"allow":["GET"]}}],"collection":[{"href":"https:\/\/www.shuliy.com\/vi\/wp-json\/wp\/v2\/pages"}],"about":[{"href":"https:\/\/www.shuliy.com\/vi\/wp-json\/wp\/v2\/types\/page"}],"author":[{"embeddable":true,"href":"https:\/\/www.shuliy.com\/vi\/wp-json\/wp\/v2\/users\/1"}],"replies":[{"embeddable":true,"href":"https:\/\/www.shuliy.com\/vi\/wp-json\/wp\/v2\/comments?post=4885"}],"version-history":[{"count":0,"href":"https:\/\/www.shuliy.com\/vi\/wp-json\/wp\/v2\/pages\/4885\/revisions"}],"wp:featuredmedia":[{"embeddable":true,"href":"https:\/\/www.shuliy.com\/vi\/wp-json\/wp\/v2\/media\/4891"}],"wp:attachment":[{"href":"https:\/\/www.shuliy.com\/vi\/wp-json\/wp\/v2\/media?parent=4885"}],"curies":[{"name":"wp","href":"https:\/\/api.w.org\/{rel}","templated":true}]}}