{"id":4982,"date":"2023-02-16T14:16:03","date_gmt":"2023-02-16T06:16:03","guid":{"rendered":"https:\/\/www.shuliy.com\/?page_id=4982"},"modified":"2023-02-27T14:42:37","modified_gmt":"2023-02-27T06:42:37","slug":"global-customer","status":"publish","type":"page","link":"https:\/\/www.shuliy.com\/vi\/global-customer\/","title":{"rendered":"Kh\u00e1ch h\u00e0ng to\u00e0n c\u1ea7u"},"content":{"rendered":"<h2 class=\"wp-block-heading\">To\u00e0n c\u1ea7u c\u1ee7a Shuliy Machinery<\/h2>    <p>K\u1ec3 t\u1eeb khi th\u00e0nh l\u1eadp Shuliy Machinery, ch\u00fang t\u00f4i \u0111\u00e3 v\u00e0 \u0111ang xu\u1ea5t kh\u1ea9u. M\u00e1y m\u00f3c c\u1ee7a ch\u00fang t\u00f4i \u0111\u00e3 \u0111\u01b0\u1ee3c b\u00e1n sang B\u1eafc M\u1ef9, Nam M\u1ef9, \u0110\u00f4ng Nam \u00c1, ch\u00e2u Phi, \u0110\u00f4ng Nam \u00c1, v\u00e0 nhi\u1ec1u khu v\u1ef1c kh\u00e1c. Qua nhi\u1ec1u n\u0103m, ch\u00fang t\u00f4i \u0111\u00e3 t\u00edch l\u0169y \u0111\u01b0\u1ee3c r\u1ea5t nhi\u1ec1u kinh nghi\u1ec7m v\u1ec1 xu\u1ea5t kh\u1ea9u. V\u00ec v\u1eady, ch\u00fang t\u00f4i c\u00f3 th\u1ec3 gi\u00fap kh\u00e1ch h\u00e0ng gi\u1ea3i quy\u1ebft nhanh ch\u00f3ng c\u00e1c v\u1ea5n \u0111\u1ec1 v\u1ec1 thanh to\u00e1n, t\u00e0i li\u1ec7u v\u00e0 logistics. Ch\u00fang t\u00f4i c\u0169ng c\u00f3 m\u1ed9t h\u1ec7 th\u1ed1ng d\u1ecbch v\u1ee5 tuy\u1ec7t v\u1eddi, ch\u1eb3ng h\u1ea1n nh\u01b0 l\u1eafp \u0111\u1eb7t v\u00e0 v\u1eadn h\u00e0nh m\u00e1y \u1edf n\u01b0\u1edbc ngo\u00e0i, b\u1ea3o h\u00e0nh sau b\u00e1n h\u00e0ng m\u1ed9t n\u0103m, d\u1ecbch v\u1ee5 t\u01b0 v\u1ea5n tr\u1ef1c tuy\u1ebfn mi\u1ec5n ph\u00ed tr\u1ecdn \u0111\u1eddi, v.v.<\/p>    <div class=\"wp-block-media-text alignwide is-stacked-on-mobile\"><figure class=\"wp-block-media-text__media\"><img loading=\"lazy\" decoding=\"async\" width=\"720\" height=\"540\" src=\"https:\/\/www.shuliy.com\/wp-content\/uploads\/2023\/02\/send-the-machines-to-customers-.webp\" alt=\"g\u1eedi m\u00e1y m\u00f3c t\u1edbi kh\u00e1ch h\u00e0ng\" class=\"wp-image-5168 size-full\"\/><\/figure><div class=\"wp-block-media-text__content\"> <p>Cho \u0111\u1ebfn nay, c\u00e1c n\u01b0\u1edbc c\u1ee5 th\u1ec3 xu\u1ea5t kh\u1ea9u l\u00e0 Hoa K\u1ef3, Nga, Argentina, Ethiopia, Congo, Nigeria, Ghana, Malaysia, Singapore, Australia, Lesotho, Zimbabwe, Indonesia, Tunisia, Brazil, Burundi, Colombia, v.v. Do ch\u1ea5t l\u01b0\u1ee3ng m\u00e1y m\u00f3c v\u00e0 k\u1ebft qu\u1ea3 l\u00e0m vi\u1ec7c xu\u1ea5t s\u1eafc, nhi\u1ec1u kh\u00e1ch h\u00e0ng c\u1ee7a ch\u00fang t\u00f4i \u0111\u00e3 duy tr\u00ec m\u1ed1i quan h\u1ec7 l\u00e2u d\u00e0i v\u1edbi ch\u00fang t\u00f4i.<\/p> <\/div><\/div>    <h2 class=\"wp-block-heading\">Kh\u00e1ch h\u00e0ng \u0111\u01b0\u1ee3c ph\u1ee5c v\u1ee5<\/h2>    <p>Ch\u00fang t\u00f4i cung c\u1ea5p \u0111\u00fang lo\u1ea1i m\u00e1y v\u00e0 thi\u1ebft b\u1ecb cho b\u1ea5t k\u1ef3 kh\u00e1ch h\u00e0ng n\u00e0o c\u00f3 nhu c\u1ea7u. Ngo\u00e0i vi\u1ec7c cung c\u1ea5p s\u1ea3n ph\u1ea9m cho kh\u00e1ch h\u00e0ng cu\u1ed1i, ch\u00fang t\u00f4i c\u00f2n l\u00e0m vi\u1ec7c v\u1edbi c\u00e1c \u0111\u1ea1i l\u00fd v\u00e0 ph\u00e2n ph\u1ed1i \u0111\u1ec3 cung c\u1ea5p gi\u00e1 c\u1ea1nh tranh. Ch\u00fang t\u00f4i c\u0169ng c\u00f3 kinh nghi\u1ec7m l\u00e2u n\u0103m trong th\u1ea7u NGO, FAO v\u00e0 \u0111\u1ea5u th\u1ea7u mua s\u1eafm c\u1ee7a ch\u00ednh ph\u1ee7. <\/p>    <figure class=\"wp-block-image size-full\"><img loading=\"lazy\" decoding=\"async\" width=\"720\" height=\"540\" src=\"https:\/\/www.shuliy.com\/wp-content\/uploads\/2023\/02\/help-customer-to-solve-the-problem-.webp\" alt=\"gi\u00fap kh\u00e1ch h\u00e0ng gi\u1ea3i quy\u1ebft v\u1ea5n \u0111\u1ec1\" class=\"wp-image-5165\" title=\"gi\u00fap kh\u00e1ch h\u00e0ng gi\u1ea3i quy\u1ebft v\u1ea5n \u0111\u1ec1\"\/><figcaption class=\"wp-element-caption\">gi\u00fap kh\u00e1ch h\u00e0ng gi\u1ea3i quy\u1ebft v\u1ea5n \u0111\u1ec1<\/figcaption><\/figure>    <h2 class=\"wp-block-heading\">Ph\u1ea3n h\u1ed3i t\u00edch c\u1ef1c t\u1eeb kh\u00e1ch h\u00e0ng c\u1ee7a ch\u00fang t\u00f4i<\/h2>    <p>K\u1ebft qu\u1ea3 l\u00e0m vi\u1ec7c xu\u1ea5t s\u1eafc v\u00e0 ch\u1ea5t l\u01b0\u1ee3ng c\u1ee7a m\u00e1y m\u00f3c \u0111\u00e3 mang l\u1ea1i s\u1ef1 \u1ee7ng h\u1ed9 c\u1ee7a nhi\u1ec1u kh\u00e1ch h\u00e0ng. Kh\u00e1ch h\u00e0ng m\u1edbi v\u00e0 c\u0169 c\u1ee7a ch\u00fang t\u00f4i \u0111\u00e3 b\u00e0y t\u1ecf s\u1ef1 s\u1eb5n s\u00e0ng ti\u1ebfp t\u1ee5c h\u1ee3p t\u00e1c v\u1edbi ch\u00fang t\u00f4i. D\u01b0\u1edbi \u0111\u00e2y l\u00e0 c\u00e1c b\u1ee9c \u1ea3nh ph\u1ea3n h\u1ed3i t\u1eeb kh\u00e1ch h\u00e0ng c\u1ee7a ch\u00fang t\u00f4i.<\/p>    <figure class=\"wp-block-image size-full\"><img loading=\"lazy\" decoding=\"async\" width=\"720\" height=\"540\" src=\"https:\/\/www.shuliy.com\/wp-content\/uploads\/2023\/02\/feedback-from-our-customers-.webp\" alt=\"ph\u1ea3n h\u1ed3i t\u1eeb kh\u00e1ch h\u00e0ng c\u1ee7a ch\u00fang t\u00f4i\" class=\"wp-image-5164\" title=\"ph\u1ea3n h\u1ed3i t\u1eeb kh\u00e1ch h\u00e0ng c\u1ee7a ch\u00fang t\u00f4i\"\/><figcaption class=\"wp-element-caption\">ph\u1ea3n h\u1ed3i t\u1eeb kh\u00e1ch h\u00e0ng c\u1ee7a ch\u00fang t\u00f4i<\/figcaption><\/figure>    <h2 class=\"wp-block-heading\">\u1ea2nh kh\u00e1ch h\u00e0ng<\/h2>    <p>Ch\u00fang t\u00f4i r\u1ea5t hoan ngh\u00eanh kh\u00e1ch h\u00e0ng \u0111\u1ebfn th\u0103m b\u1ea5t c\u1ee9 l\u00fac n\u00e0o. Kh\u00e1ch h\u00e0ng \u0111\u1ebfn Zhengzhou \u0111\u1ec3 th\u0103m c\u00f4ng ty c\u1ee7a ch\u00fang t\u00f4i.<\/p>    <figure class=\"wp-block-image size-full\"><img loading=\"lazy\" decoding=\"async\" width=\"720\" height=\"540\" src=\"https:\/\/www.shuliy.com\/wp-content\/uploads\/2023\/02\/Shuliy-customer-.webp\" alt=\"Kh\u00e1ch h\u00e0ng c\u1ee7a Shuliy\" class=\"wp-image-5163\" title=\"Kh\u00e1ch h\u00e0ng c\u1ee7a Shuliy\"\/><figcaption class=\"wp-element-caption\">Kh\u00e1ch h\u00e0ng c\u1ee7a Shuliy<\/figcaption><\/figure>    <h2 class=\"wp-block-heading\">Kh\u00e1ch h\u00e0ng th\u0103m nh\u00e0 m\u00e1y c\u1ee7a ch\u00fang t\u00f4i<\/h2>    <p>Kh\u00e1ch h\u00e0ng c\u00f3 th\u1ec3 tham quan nh\u00e0 m\u00e1y c\u1ee7a ch\u00fang t\u00f4i b\u1ea5t c\u1ee9 khi n\u00e0o h\u1ecd c\u1ea7n. Video tr\u1ef1c tuy\u1ebfn c\u0169ng c\u00f3 s\u1eb5n \u0111\u1ec3 kh\u00e1ch h\u00e0ng c\u00f3 c\u00e1i nh\u00ecn s\u00e2u v\u1ec1 nh\u00e0 m\u00e1y.<\/p>    <figure class=\"wp-block-image size-full\"><img loading=\"lazy\" decoding=\"async\" width=\"720\" height=\"540\" src=\"https:\/\/www.shuliy.com\/wp-content\/uploads\/2023\/02\/Shuliy-factory.webp\" alt=\"Nh\u00e0 m\u00e1y Shuliy\" class=\"wp-image-5162\" title=\"Nh\u00e0 m\u00e1y Shuliy\"\/><figcaption class=\"wp-element-caption\">Nh\u00e0 m\u00e1y Shuliy<\/figcaption><\/figure>    <h2 class=\"wp-block-heading\">C\u00e1c tri\u1ec3n l\u00e3m m\u00e0 Shuliy tham d\u1ef1<\/h2>    <p>Ch\u00fang t\u00f4i tham d\u1ef1 c\u00e1c tri\u1ec3n l\u00e3m \u1edf nhi\u1ec1u th\u00e0nh ph\u1ed1 kh\u00e1c nhau \u0111\u1ec3 nhi\u1ec1u kh\u00e1ch h\u00e0ng bi\u1ebft v\u1ec1 ch\u00fang t\u00f4i.<\/p>    <figure class=\"wp-block-image size-full\"><img loading=\"lazy\" decoding=\"async\" width=\"720\" height=\"540\" src=\"https:\/\/www.shuliy.com\/wp-content\/uploads\/2023\/02\/Exhibitions-.webp\" alt=\"Tri\u1ec3n l\u00e3m\" class=\"wp-image-5161\" title=\"Tri\u1ec3n l\u00e3m\"\/><figcaption class=\"wp-element-caption\">Tri\u1ec3n l\u00e3m<\/figcaption><\/figure>","protected":false},"excerpt":{"rendered":"<p>Shuliy Machinery&#8217;s global customer Since the establishment of Shuliy Machinery, we have been exporting. Our machines have been sold to North America, South America, South East Asia, Africa, South East Asia, and many other regions. Over the years, we have accumulated a wealth of experience in exporting. Therefore, we can help our customers to solve [&hellip;]<\/p>\n","protected":false},"author":1,"featured_media":5171,"parent":0,"menu_order":0,"comment_status":"closed","ping_status":"closed","template":"post-templates\/page-right-content.php","meta":{"footnotes":""},"class_list":["post-4982","page","type-page","status-publish","has-post-thumbnail","hentry"],"_links":{"self":[{"href":"https:\/\/www.shuliy.com\/vi\/wp-json\/wp\/v2\/pages\/4982","targetHints":{"allow":["GET"]}}],"collection":[{"href":"https:\/\/www.shuliy.com\/vi\/wp-json\/wp\/v2\/pages"}],"about":[{"href":"https:\/\/www.shuliy.com\/vi\/wp-json\/wp\/v2\/types\/page"}],"author":[{"embeddable":true,"href":"https:\/\/www.shuliy.com\/vi\/wp-json\/wp\/v2\/users\/1"}],"replies":[{"embeddable":true,"href":"https:\/\/www.shuliy.com\/vi\/wp-json\/wp\/v2\/comments?post=4982"}],"version-history":[{"count":0,"href":"https:\/\/www.shuliy.com\/vi\/wp-json\/wp\/v2\/pages\/4982\/revisions"}],"wp:featuredmedia":[{"embeddable":true,"href":"https:\/\/www.shuliy.com\/vi\/wp-json\/wp\/v2\/media\/5171"}],"wp:attachment":[{"href":"https:\/\/www.shuliy.com\/vi\/wp-json\/wp\/v2\/media?parent=4982"}],"curies":[{"name":"wp","href":"https:\/\/api.w.org\/{rel}","templated":true}]}}