{"id":4993,"date":"2023-02-16T17:11:40","date_gmt":"2023-02-16T09:11:40","guid":{"rendered":"https:\/\/www.shuliy.com\/?page_id=4993"},"modified":"2023-02-28T14:23:44","modified_gmt":"2023-02-28T06:23:44","slug":"customized-services","status":"publish","type":"page","link":"https:\/\/www.shuliy.com\/vi\/customized-services\/","title":{"rendered":"D\u1ecbch v\u1ee5 t\u00f9y ch\u1ec9nh"},"content":{"rendered":"<h2 class=\"wp-block-heading\">D\u1ecbch v\u1ee5 t\u00f9y ch\u1ec9nh c\u1ee7a Shuliy<\/h2>    <div class=\"wp-block-media-text alignwide is-stacked-on-mobile\"><figure class=\"wp-block-media-text__media\"><img loading=\"lazy\" decoding=\"async\" width=\"720\" height=\"540\" src=\"https:\/\/www.shuliy.com\/wp-content\/uploads\/2023\/02\/Shuliy-global-customers-.webp\" alt=\"\" class=\"wp-image-5226 size-full\"\/><\/figure><div class=\"wp-block-media-text__content\"> <p>Ch\u00fang t\u00f4i t\u1ea1i Shuliy \u0111\u1eb7c bi\u1ec7t coi tr\u1ecdng kh\u1ea3 n\u0103ng cung c\u1ea5p m\u00e1y m\u00f3c, thi\u1ebft b\u1ecb ph\u00f9 h\u1ee3p v\u1edbi nhu c\u1ea7u c\u1ee5 th\u1ec3 c\u1ee7a kh\u00e1ch h\u00e0ng. S\u1ef1 h\u00e0i l\u00f2ng c\u1ee7a kh\u00e1ch h\u00e0ng l\u00e0 \u0111\u1ed9ng l\u1ef1c l\u1edbn nh\u1ea5t cho s\u1ef1 c\u1ea3i ti\u1ebfn v\u00e0 ph\u00e1t tri\u1ec3n li\u00ean t\u1ee5c c\u1ee7a ch\u00fang t\u00f4i. V\u00ec v\u1eady, trong qu\u00e1 tr\u00ecnh ph\u00e1t tri\u1ec3n li\u00ean t\u1ee5c, ch\u00fang t\u00f4i lu\u00f4n c\u1ea3i thi\u1ec7n d\u1ecbch v\u1ee5 t\u00f9y ch\u1ec9nh. Ch\u00fang t\u00f4i d\u1ef1a v\u00e0o \u0111\u1ed9i ng\u0169 k\u1ef9 thu\u1eadt xu\u1ea5t s\u1eafc, ti\u00eau chu\u1ea9n cao, thi\u1ebft b\u1ecb tuy\u1ec7t v\u1eddi, h\u1ec7 th\u1ed1ng gi\u00e1m s\u00e1t nghi\u00eam ng\u1eb7t, h\u1ec7 th\u1ed1ng logistics ho\u00e0n h\u1ea3o v\u00e0 \u0111\u1ed9i ng\u0169 d\u1ecbch v\u1ee5 h\u1eadu m\u00e3i c\u00f3 th\u1ec3 t\u1ea1o ra c\u00e1c gi\u1ea3i ph\u00e1p m\u00e1y ri\u00eang cho kh\u00e1ch h\u00e0ng. <\/p> <\/div><\/div>    <p>M\u1ed9t d\u1ecbch v\u1ee5 t\u00f9y ch\u1ec9nh t\u1ed1t \u0111\u00f3ng vai tr\u00f2 quan tr\u1ecdng trong vi\u1ec7c duy tr\u00ec quan h\u1ec7 h\u1ee3p t\u00e1c l\u00e2u d\u00e0i v\u1edbi kh\u00e1ch h\u00e0ng. T\u00ednh \u0111\u1ebfn nay, ch\u00fang t\u00f4i \u0111\u00e3 l\u00e0m vi\u1ec7c v\u1edbi nhi\u1ec1u kh\u00e1ch h\u00e0ng \u1edf c\u00e1c khu v\u1ef1c nh\u01b0 \u0110\u00f4ng Nam \u00c1, Nam \u00c1, Ch\u00e2u Phi, B\u1eafc \u00c1, B\u1eafc M\u1ef9, M\u1ef9 Latinh v\u00e0 nhi\u1ec1u khu v\u1ef1c kh\u00e1c. V\u1ec1 t\u00f9y bi\u1ebfn, ch\u00fang t\u00f4i s\u1ebd bao qu\u00e1t c\u00e1c l\u0129nh v\u1ef1c ch\u00ednh sau.<\/p>    <h2 class=\"wp-block-heading\">T\u00f9y ch\u1ec9nh t\u1eebng m\u00e1y ri\u00eang l\u1ebb<\/h2>    <p>Ph\u1ea1m vi m\u00e1y m\u00f3c c\u1ee7a ch\u00fang t\u00f4i c\u00f3 s\u1eb5n trong nhi\u1ec1u lo\u1ea1i m\u00e1y ri\u00eang l\u1ebb. C\u00f9ng m\u1ed9t m\u00e1y c\u00f3 th\u1ec3 kh\u00e1c nhau v\u1ec1 k\u00edch th\u01b0\u1edbc t\u00f9y thu\u1ed9c v\u00e0o \u0111\u1ea7u ra. Ho\u1eb7c ch\u00fang tr\u00f4ng kh\u00e1c nhau do s\u1ef1 kh\u00e1c bi\u1ec7t v\u1ec1 ch\u1ee9c n\u0103ng. \u0110\u1ec3 c\u00f3 th\u1ec3 \u0111\u00e1p \u1ee9ng nhu c\u1ea7u c\u1ee7a c\u00e1c kh\u00e1ch h\u00e0ng kh\u00e1c nhau, ch\u00fang t\u00f4i s\u1ea3n xu\u1ea5t c\u00e1c m\u1eabu m\u00e1y kh\u00e1c nhau c\u1ee7a c\u00f9ng m\u1ed9t lo\u1ea1i m\u00e1y.<br>Nh\u01b0ng v\u00ec ch\u00fang t\u00f4i c\u00f3 kh\u00e1ch h\u00e0ng tr\u00ean kh\u1eafp th\u1ebf gi\u1edbi, c\u00e1c y\u00eau c\u1ea7u c\u00f3 th\u1ec3 c\u00f2n \u0111a d\u1ea1ng h\u01a1n n\u1eefa. Do \u0111\u00f3, ch\u00fang t\u00f4i h\u1ecfi k\u1ef9 kh\u00e1ch h\u00e0ng v\u1ec1 c\u00e1c nhu c\u1ea7u c\u1ee5 th\u1ec3 c\u1ee7a h\u1ecd trong qu\u00e1 tr\u00ecnh giao ti\u1ebfp. V\u00ed d\u1ee5, m\u00e0u s\u1eafc, ch\u1ee9c n\u0103ng, h\u00ecnh d\u1ea1ng, k\u00edch th\u01b0\u1edbc, \u0111i\u1ec7n \u00e1p, hertz, pha, c\u00f4ng su\u1ea5t, v.v. c\u1ee7a m\u00e1y. Khi t\u1ea5t c\u1ea3 c\u00e1c y\u00eau c\u1ea7u c\u1ee5 th\u1ec3 \u0111\u00e3 \u0111\u01b0\u1ee3c x\u00e1c \u0111\u1ecbnh, ch\u00fang t\u00f4i s\u1ebd ch\u1ebf t\u1ea1o m\u00e1y theo y\u00eau c\u1ea7u c\u1ee7a kh\u00e1ch h\u00e0ng \u0111\u1ec3 \u0111\u00e1p \u1ee9ng nhu c\u1ea7u c\u1ee7a h\u1ecd!<\/p>    <figure class=\"wp-block-gallery has-nested-images columns-default is-cropped wp-block-gallery-2 is-layout-flex wp-block-gallery-is-layout-flex\"> <figure class=\"wp-block-image size-large\"><img loading=\"lazy\" decoding=\"async\" width=\"720\" height=\"540\" data-id=\"5179\" src=\"https:\/\/www.shuliy.com\/wp-content\/uploads\/2023\/02\/wood-crushing-machine-with-motor.webp\" alt=\"m\u00e1y nghi\u1ec1n g\u1ed7 c\u00f3 \u0111\u1ed9ng c\u01a1\" class=\"wp-image-5179\" title=\"m\u00e1y nghi\u1ec1n g\u1ed7 c\u00f3 \u0111\u1ed9ng c\u01a1\"\/><figcaption class=\"wp-element-caption\">m\u00e1y nghi\u1ec1n g\u1ed7 c\u00f3 \u0111\u1ed9ng c\u01a1<\/figcaption><\/figure>    <figure class=\"wp-block-image size-large\"><img loading=\"lazy\" decoding=\"async\" width=\"720\" height=\"540\" data-id=\"5180\" src=\"https:\/\/www.shuliy.com\/wp-content\/uploads\/2023\/02\/wood-crusher-with-diesel-engine-.webp\" alt=\"m\u00e1y nghi\u1ec1n g\u1ed7 c\u00f3 \u0111\u1ed9ng c\u01a1 diesel\" class=\"wp-image-5180\" title=\"m\u00e1y nghi\u1ec1n g\u1ed7 c\u00f3 \u0111\u1ed9ng c\u01a1 diesel\"\/><figcaption class=\"wp-element-caption\">m\u00e1y nghi\u1ec1n g\u1ed7 c\u00f3 \u0111\u1ed9ng c\u01a1 diesel<\/figcaption><\/figure>    <figure class=\"wp-block-image size-large\"><img loading=\"lazy\" decoding=\"async\" width=\"720\" height=\"540\" data-id=\"5181\" src=\"https:\/\/www.shuliy.com\/wp-content\/uploads\/2023\/02\/wood-crusher-with-wheel-and-frame-.webp\" alt=\"m\u00e1y nghi\u1ec1n g\u1ed7 c\u00f3 b\u00e1nh xe v\u00e0 khung\" class=\"wp-image-5181\" title=\"m\u00e1y nghi\u1ec1n g\u1ed7 c\u00f3 b\u00e1nh xe v\u00e0 khung\"\/><figcaption class=\"wp-element-caption\">m\u00e1y nghi\u1ec1n g\u1ed7 c\u00f3 b\u00e1nh xe v\u00e0 khung<\/figcaption><\/figure> <\/figure>    <h2 class=\"wp-block-heading\">D\u1ecbch v\u1ee5 t\u00f9y ch\u1ec9nh cho d\u00e2y chuy\u1ec1n s\u1ea3n xu\u1ea5t <\/h2>    <p>Ngo\u00e0i c\u00e1c m\u00e1y ri\u00eang l\u1ebb, ch\u00fang t\u00f4i c\u00f2n c\u00f3 c\u00e1c d\u00e2y chuy\u1ec1n s\u1ea3n xu\u1ea5t \u0111\u00f2i h\u1ecfi nhi\u1ec1u m\u00e1y l\u00e0m vi\u1ec7c c\u00f9ng nhau, v\u00ed d\u1ee5 nh\u01b0 d\u00e2y chuy\u1ec1n s\u1ea3n xu\u1ea5t than, d\u00e2y chuy\u1ec1n s\u1ea3n xu\u1ea5t vi\u00ean nh\u1ef1a, d\u00e2y chuy\u1ec1n s\u1ea3n xu\u1ea5t pallet g\u1ed7, d\u00e2y chuy\u1ec1n s\u1ea3n xu\u1ea5t x\u00e0 ph\u00f2ng, d\u00e2y chuy\u1ec1n s\u1ea3n xu\u1ea5t khoai t\u00e2y chi\u00ean, d\u00e2y chuy\u1ec1n s\u1ea3n xu\u1ea5t b\u1ed9t c\u00e1, d\u00e2y chuy\u1ec1n m\u00e1y xay g\u1ea1o, v.v.<\/p>    <figure class=\"wp-block-image size-full\"><img loading=\"lazy\" decoding=\"async\" width=\"720\" height=\"385\" src=\"https:\/\/www.shuliy.com\/wp-content\/uploads\/2023\/02\/plastic-recycling-production-line-.webp\" alt=\"D\u00e2y chuy\u1ec1n s\u1ea3n xu\u1ea5t t\u00e1i ch\u1ebf plastic\" class=\"wp-image-5185\" title=\"D\u00e2y chuy\u1ec1n s\u1ea3n xu\u1ea5t t\u00e1i ch\u1ebf plastic\"\/><figcaption class=\"wp-element-caption\">D\u00e2y chuy\u1ec1n s\u1ea3n xu\u1ea5t t\u00e1i ch\u1ebf plastic<\/figcaption><\/figure>    <p class=\"translation-block\"><strong>C\u00f3 r\u1ea5t nhi\u1ec1u y\u1ebfu t\u1ed1 kh\u00e1c m\u00e0 kh\u00e1ch h\u00e0ng c\u1ea7n xem x\u00e9t khi mua m\u1ed9t d\u00e2y chuy\u1ec1n s\u1ea3n xu\u1ea5t, ch\u1eb3ng h\u1ea1n nh\u01b0<\/strong><\/p>    <ol class=\"wp-block-list\"> <li>L\u01b0\u01a1c s\u1ea3n xu\u1ea5t mua c\u00f3 ph\u00f9 h\u1ee3p v\u1edbi b\u1ed1 tr\u00ed c\u1ee7a nh\u00e0 m\u00e1y c\u1ee7a h\u1ecd kh\u00f4ng?<\/li>    <li>L\u00e0m th\u1ebf n\u00e0o \u0111\u1ec3 \u0111\u1eb7t d\u00e2y chuy\u1ec1n mua \u0111\u01b0\u1ee3c v\u00e0o nh\u00e0 m\u00e1y c\u1ee7a b\u1ea1n?<\/li>    <li>K\u00edch th\u01b0\u1edbc c\u1ee7a nh\u00e0 m\u00e1y c\u00f3 kh\u1edbp v\u1edbi k\u00edch th\u01b0\u1edbc c\u1ee7a d\u00e2y chuy\u1ec1n s\u1ea3n xu\u1ea5t kh\u00f4ng?<\/li>    <li>S\u1ef1 k\u1ebft h\u1ee3p c\u1ee7a d\u00e2y chuy\u1ec1n s\u1ea3n xu\u1ea5t t\u00f4i c\u1ea7n v\u00e0 s\u1ef1 k\u1ebft h\u1ee3p ch\u00fang t\u00f4i c\u00f3 kh\u00f4ng ho\u00e0n to\u00e0n gi\u1ed1ng nhau.<\/li>    <li>Kh\u00e1ch h\u00e0ng c\u1ea7n m\u1ed9t s\u01a1 \u0111\u1ed3 r\u00f5 r\u00e0ng v\u1ec1 b\u1ed1 tr\u00ed thi\u1ebft b\u1ecb v\u00e0 m\u1ed9t video nguy\u00ean l\u00fd v\u1eadn h\u00e0nh c\u1ee7a thi\u1ebft b\u1ecb.<\/li>    <li>\u0110i\u1ec7n \u00e1p, c\u00f4ng su\u1ea5t, hertz v\u00e0 pha c\u1ee7a thi\u1ebft b\u1ecb c\u00f3 \u0111\u00e1p \u1ee9ng y\u00eau c\u1ea7u c\u1ee7a n\u01b0\u1edbc b\u1ea1n kh\u00f4ng?<\/li>    <li>\u0110i\u1ec1u g\u00ec khi b\u1ea1n kh\u00f4ng bi\u1ebft t\u1ef1 m\u00ecnh l\u1eafp \u0111\u1eb7t v\u00e0 v\u1eadn h\u00e0nh thi\u1ebft b\u1ecb?<\/li> <\/ol>    <p>V\u00ec v\u1eady ch\u00fang t\u00f4i s\u1ebd thi\u1ebft k\u1ebf d\u00e2y chuy\u1ec1n s\u1ea3n xu\u1ea5t theo nhu c\u1ea7u c\u1ee5 th\u1ec3 c\u1ee7a kh\u00e1ch h\u00e0ng \u0111\u1ec3 t\u1ea1o ra m\u1ed9t d\u00e2y chuy\u1ec1n duy nh\u1ea5t cho kh\u00e1ch h\u00e0ng.<\/p>    <figure class=\"wp-block-image size-full is-resized\"><img loading=\"lazy\" decoding=\"async\" src=\"https:\/\/www.shuliy.com\/wp-content\/uploads\/2023\/02\/CAD-.webp\" alt=\"CAD\" class=\"wp-image-5186\" width=\"706\" height=\"299\" title=\"CAD\"\/><figcaption class=\"wp-element-caption\">CAD<\/figcaption><\/figure>    <p>Shuliy \u0111\u00e3 tham gia v\u00e0o kinh doanh xu\u1ea5t kh\u1ea9u \u0111\u01b0\u1ee3c h\u01a1n 10 n\u0103m. Do \u0111\u00f3, ch\u00fang t\u00f4i c\u00f3 t\u00edch l\u0169y \u0111\u01b0\u1ee3c nhi\u1ec1u kinh nghi\u1ec7m v\u1edbi c\u00e1c m\u00e1y t\u00f9y ch\u1ec9nh. \u0110i\u1ec1u n\u00e0y \u0111\u00e3 t\u1ea1o \u0111i\u1ec1u ki\u1ec7n cho kh\u00e1ch h\u00e0ng s\u1eed d\u1ee5ng m\u00e1y c\u1ee7a ch\u00fang t\u00f4i v\u00e0 gi\u00fap ch\u00fang t\u00f4i ti\u1ebfp c\u1eadn \u0111\u01b0\u1ee3c v\u1edbi nhi\u1ec1u kh\u00e1ch h\u00e0ng \u1edf c\u00e1c khu v\u1ef1c kh\u00e1c nhau. Xin \u0111\u1eebng ng\u1ea7n ng\u1ea1i li\u00ean h\u1ec7 v\u1edbi ch\u00fang t\u00f4i cho b\u1ea5t k\u1ef3 y\u00eau c\u1ea7u n\u00e0o c\u1ee7a b\u1ea1n!<\/p>","protected":false},"excerpt":{"rendered":"<p>Shuliy&#8217;s customized services We at Shuliy attach great importance to being able to offer machines and equipment that meet the specific needs of our customers. Customer satisfaction is the greatest motivation for our continuous improvement and development. Therefore, in the course of our continuous development, we are constantly improving our customized services. We rely on [&hellip;]<\/p>\n","protected":false},"author":1,"featured_media":5032,"parent":0,"menu_order":0,"comment_status":"closed","ping_status":"closed","template":"post-templates\/page-right-content.php","meta":{"footnotes":""},"class_list":["post-4993","page","type-page","status-publish","has-post-thumbnail","hentry"],"_links":{"self":[{"href":"https:\/\/www.shuliy.com\/vi\/wp-json\/wp\/v2\/pages\/4993","targetHints":{"allow":["GET"]}}],"collection":[{"href":"https:\/\/www.shuliy.com\/vi\/wp-json\/wp\/v2\/pages"}],"about":[{"href":"https:\/\/www.shuliy.com\/vi\/wp-json\/wp\/v2\/types\/page"}],"author":[{"embeddable":true,"href":"https:\/\/www.shuliy.com\/vi\/wp-json\/wp\/v2\/users\/1"}],"replies":[{"embeddable":true,"href":"https:\/\/www.shuliy.com\/vi\/wp-json\/wp\/v2\/comments?post=4993"}],"version-history":[{"count":0,"href":"https:\/\/www.shuliy.com\/vi\/wp-json\/wp\/v2\/pages\/4993\/revisions"}],"wp:featuredmedia":[{"embeddable":true,"href":"https:\/\/www.shuliy.com\/vi\/wp-json\/wp\/v2\/media\/5032"}],"wp:attachment":[{"href":"https:\/\/www.shuliy.com\/vi\/wp-json\/wp\/v2\/media?parent=4993"}],"curies":[{"name":"wp","href":"https:\/\/api.w.org\/{rel}","templated":true}]}}