{"id":4997,"date":"2023-02-16T18:20:34","date_gmt":"2023-02-16T10:20:34","guid":{"rendered":"https:\/\/www.shuliy.com\/?page_id=4997"},"modified":"2023-02-28T14:02:21","modified_gmt":"2023-02-28T06:02:21","slug":"technical-support","status":"publish","type":"page","link":"https:\/\/www.shuliy.com\/vi\/technical-support\/","title":{"rendered":"H\u1ed7 tr\u1ee3 k\u1ef9 thu\u1eadt"},"content":{"rendered":"<h2 class=\"wp-block-heading\">H\u1ed7 tr\u1ee3 k\u1ef9 thu\u1eadt c\u1ee7a Shuliy<\/h2>    <p>Shuliy l\u00e0 m\u1ed9t nh\u00e0 s\u1ea3n xu\u1ea5t m\u00e1y m\u00f3c c\u00f3 uy t\u00edn v\u1edbi h\u1ed7 tr\u1ee3 k\u1ef9 thu\u1eadt m\u1ea1nh m\u1ebd, bao g\u1ed3m thi\u1ebft b\u1ecb s\u1ea3n xu\u1ea5t ch\u1ea5t l\u01b0\u1ee3ng cao, nh\u00e2n vi\u00ean ph\u00e1t tri\u1ec3n k\u1ef9 thu\u1eadt xu\u1ea5t s\u1eafc, v\u00e0 \u0111\u1ed9i ng\u0169 nh\u00e2n vi\u00ean s\u1ea3n xu\u1ea5t v\u00e0 b\u00e1n h\u00e0ng chuy\u00ean nghi\u1ec7p. Do \u0111\u00f3, ch\u00fang t\u00f4i c\u00f3 th\u1ec3 gi\u00fap kh\u00e1ch h\u00e0ng c\u1ee7a m\u00ecnh v\u1edbi m\u1ecdi v\u1ea5n \u0111\u1ec1 c\u01a1 kh\u00ed. Ch\u00fang t\u00f4i c\u00f3 th\u1ec3 cung c\u1ea5p h\u1ed7 tr\u1ee3 k\u1ef9 thu\u1eadt chuy\u00ean nghi\u1ec7p v\u00e0 d\u1ecbch v\u1ee5 h\u1eadu m\u00e3i xu\u1ea5t s\u1eafc. V\u00ec l\u00e0 kinh doanh xu\u1ea5t kh\u1ea9u, h\u1ed7 tr\u1ee3 k\u1ef9 thu\u1eadt c\u1ee7a ch\u00fang t\u00f4i ch\u1ee7 y\u1ebfu t\u1eadp trung v\u00e0o hai l\u0129nh v\u1ef1c sau.<\/p>    <figure class=\"wp-block-image size-full\"><img loading=\"lazy\" decoding=\"async\" width=\"720\" height=\"380\" src=\"https:\/\/www.shuliy.com\/wp-content\/uploads\/2023\/02\/Briquette-production-line-.webp\" alt=\"D\u00e2y chuy\u1ec1n s\u1ea3n xu\u1ea5t vi\u00ean n\u00e9n\" class=\"wp-image-5195\" title=\"D\u00e2y chuy\u1ec1n s\u1ea3n xu\u1ea5t vi\u00ean n\u00e9n\"\/><figcaption class=\"wp-element-caption\">D\u00e2y chuy\u1ec1n s\u1ea3n xu\u1ea5t vi\u00ean n\u00e9n<\/figcaption><\/figure>    <h2 class=\"wp-block-heading\">Giao ti\u1ebfp tr\u1ef1c tuy\u1ebfn \u0111\u1ec3 gi\u1ea3i quy\u1ebft v\u1ea5n \u0111\u1ec1<\/h2>    <p class=\"translation-block\"><strong>Trong qu\u00e1 tr\u00ecnh giao ti\u1ebfp:<\/strong> Trong ph\u01b0\u01a1ng ph\u00e1p giao ti\u1ebfp v\u1edbi kh\u00e1ch h\u00e0ng v\u1ec1 m\u00e1y m\u00f3c, ch\u00fang t\u00f4i ch\u1ec9nh s\u1eeda m\u00e1y t\u00f9y ch\u1ec9nh theo nhu c\u1ea7u c\u1ee5 th\u1ec3 c\u1ee7a kh\u00e1ch h\u00e0ng. Nh\u1edd c\u00f3 \u0111\u1ed9i ng\u0169 k\u1ef9 thu\u1eadt chuy\u00ean nghi\u1ec7p, ch\u00fang t\u00f4i c\u00f3 th\u1ec3 \u0111\u00e1p \u1ee9ng c\u00e1c nhu c\u1ea7u t\u00f9y ch\u1ec9nh \u0111\u1eb7c bi\u1ec7t c\u1ee7a h\u1ea7u h\u1ebft kh\u00e1ch h\u00e0ng.<\/p>    <p class=\"translation-block\"><strong>H\u1ed7 tr\u1ee3 k\u1ef9 thu\u1eadt sau b\u00e1n h\u00e0ng:<\/strong> M\u1ed9t s\u1ed1 kh\u00e1ch h\u00e0ng s\u1ebd g\u1eb7p ph\u1ea3i m\u1ed9t s\u1ed1 v\u1ea5n \u0111\u1ec1 sau khi nh\u1eadn m\u00e1y. N\u1ebfu c\u00e1c v\u1ea5n \u0111\u1ec1 n\u00e0y ph\u1ed5 bi\u1ebfn v\u00e0 d\u1ec5 gi\u1ea3i quy\u1ebft, ch\u00fang t\u00f4i s\u1ebd h\u01b0\u1edbng d\u1eabn kh\u00e1ch h\u00e0ng s\u1eed d\u1ee5ng m\u00e1y \u0111\u00fang c\u00e1ch ho\u1eb7c gi\u1ea3i quy\u1ebft c\u00e1c v\u1ea5n \u0111\u1ec1 th\u00f4ng qua video tr\u1ef1c tuy\u1ebfn. N\u00f3i chung, \u0111\u00e2y l\u00e0 c\u00e1c v\u1ea5n \u0111\u1ec1 li\u00ean quan \u0111\u1ebfn c\u00e1c m\u00e1y nh\u1ecf.<\/p>    <figure class=\"wp-block-image size-full is-resized\"><img loading=\"lazy\" decoding=\"async\" src=\"https:\/\/www.shuliy.com\/wp-content\/uploads\/2023\/02\/wood-shaving-machine-.webp\" alt=\"\" class=\"wp-image-5191\" width=\"654\" height=\"490\"\/><\/figure>    <h2 class=\"wp-block-heading\">L\u1eafp \u0111\u1eb7t v\u00e0 ch\u1ea1y th\u1eed ngo\u1ea1i tuy\u1ebfn \u1edf n\u01b0\u1edbc ngo\u00e0i<\/h2>    <p class=\"translation-block\"><strong>L\u1eafp \u0111\u1eb7t m\u00e1y m\u00f3c:<\/strong> M\u1ed9t s\u1ed1 kh\u00e1ch h\u00e0ng mua c\u00e1c m\u00e1y l\u1edbn h\u01a1n ho\u1eb7c d\u00e2y chuy\u1ec1n s\u1ea3n xu\u1ea5t. V\u00ec c\u00e1c m\u00e1y n\u00e0y y\u00eau c\u1ea7u h\u1ed7 tr\u1ee3 k\u1ef9 thu\u1eadt chuy\u00ean nghi\u1ec7p, kh\u00e1ch h\u00e0ng kh\u00f4ng th\u1ec3 t\u1ef1 ho\u00e0n th\u00e0nh vi\u1ec7c l\u1eafp \u0111\u1eb7t. Ch\u00fang t\u00f4i s\u1ebd c\u1eed nh\u00e2n vi\u00ean k\u1ef9 thu\u1eadt \u0111i n\u01b0\u1edbc ngo\u00e0i \u0111\u1ec3 l\u1eafp \u0111\u1eb7t v\u00e0 ch\u1ea1y th\u1eed theo y\u00eau c\u1ea7u.<\/p>    <figure class=\"wp-block-image size-full\"><img loading=\"lazy\" decoding=\"async\" width=\"720\" height=\"540\" src=\"https:\/\/www.shuliy.com\/wp-content\/uploads\/2023\/02\/installation-of-the-charcoal-production-line-.webp\" alt=\"l\u1eafp \u0111\u1eb7t d\u00e2y chuy\u1ec1n s\u1ea3n xu\u1ea5t than \" class=\"wp-image-5192\" title=\"l\u1eafp \u0111\u1eb7t d\u00e2y chuy\u1ec1n s\u1ea3n xu\u1ea5t than \"\/><figcaption class=\"wp-element-caption\">l\u1eafp \u0111\u1eb7t d\u00e2y chuy\u1ec1n s\u1ea3n xu\u1ea5t than<\/figcaption><\/figure>    <p class=\"translation-block\"><strong>B\u1ea3o tr\u00ec m\u00e1y m\u00f3c:<\/strong> M\u1ed9t s\u1ed1 v\u1ea5n \u0111\u1ec1 v\u1edbi m\u1ed9t s\u1ed1 m\u00e1y c\u1ea7n ki\u1ebfn th\u1ee9c chuy\u00ean m\u00f4n \u0111\u1ec3 gi\u1ea3i quy\u1ebft. N\u1ebfu kh\u00e1ch h\u00e0ng kh\u00f4ng c\u00f3 s\u1ef1 tr\u1ee3 gi\u00fap chuy\u00ean nghi\u1ec7p t\u1ea1i \u0111\u1ecba ph\u01b0\u01a1ng, ch\u00fang t\u00f4i c\u00f3 th\u1ec3 c\u1eed k\u1ef9 thu\u1eadt vi\u00ean c\u1ee7a m\u00ecnh \u0111\u1ebfn kh\u00e1ch h\u00e0ng \u0111\u1ec3 b\u1ea3o tr\u00ec ho\u1eb7c ch\u1ea1y th\u1eed.<\/p>    <p>Sau khi nh\u1eadn thi\u1ebft b\u1ecb, kh\u00e1ch h\u00e0ng c\u00f3 th\u1ec3 li\u00ean h\u1ec7 v\u1edbi ch\u00fang t\u00f4i b\u1ea5t c\u1ee9 l\u00fac n\u00e0o n\u1ebfu c\u00f3 b\u1ea5t k\u1ef3 c\u00e2u h\u1ecfi n\u00e0o. Ch\u00fang t\u00f4i h\u1ed7 tr\u1ee3 giao ti\u1ebfp tr\u1ef1c tuy\u1ebfn, h\u1ed7 tr\u1ee3 k\u1ef9 thu\u1eadt qua video, v\u00e0 l\u1eafp \u0111\u1eb7t, ch\u1ea1y th\u1eed, b\u1ea3o tr\u00ec ngo\u1ea1i tuy\u1ebfn.<\/p>","protected":false},"excerpt":{"rendered":"<p>Shuliy&#8217;s technical support Shuliy is a well-established machine manufacturer with strong technical support, including high-quality manufacturing equipment, excellent technical development personnel, and professional manufacturing and sales staff. We are therefore able to help our customers with all kinds of mechanical problems. We can provide professional technical support and excellent after-sales service. As it is an [&hellip;]<\/p>\n","protected":false},"author":1,"featured_media":5063,"parent":0,"menu_order":0,"comment_status":"closed","ping_status":"closed","template":"post-templates\/page-right-content.php","meta":{"footnotes":""},"class_list":["post-4997","page","type-page","status-publish","has-post-thumbnail","hentry"],"_links":{"self":[{"href":"https:\/\/www.shuliy.com\/vi\/wp-json\/wp\/v2\/pages\/4997","targetHints":{"allow":["GET"]}}],"collection":[{"href":"https:\/\/www.shuliy.com\/vi\/wp-json\/wp\/v2\/pages"}],"about":[{"href":"https:\/\/www.shuliy.com\/vi\/wp-json\/wp\/v2\/types\/page"}],"author":[{"embeddable":true,"href":"https:\/\/www.shuliy.com\/vi\/wp-json\/wp\/v2\/users\/1"}],"replies":[{"embeddable":true,"href":"https:\/\/www.shuliy.com\/vi\/wp-json\/wp\/v2\/comments?post=4997"}],"version-history":[{"count":0,"href":"https:\/\/www.shuliy.com\/vi\/wp-json\/wp\/v2\/pages\/4997\/revisions"}],"wp:featuredmedia":[{"embeddable":true,"href":"https:\/\/www.shuliy.com\/vi\/wp-json\/wp\/v2\/media\/5063"}],"wp:attachment":[{"href":"https:\/\/www.shuliy.com\/vi\/wp-json\/wp\/v2\/media?parent=4997"}],"curies":[{"name":"wp","href":"https:\/\/api.w.org\/{rel}","templated":true}]}}