{"id":5022,"date":"2023-02-20T15:16:19","date_gmt":"2023-02-20T07:16:19","guid":{"rendered":"https:\/\/www.shuliy.com\/?page_id=5022"},"modified":"2023-02-28T14:13:01","modified_gmt":"2023-02-28T06:13:01","slug":"purchases","status":"publish","type":"page","link":"https:\/\/www.shuliy.com\/vi\/purchases\/","title":{"rendered":"Mua h\u00e0ng"},"content":{"rendered":"<h2 class=\"wp-block-heading\">Qu\u00e1 tr\u00ecnh mua h\u00e0ng c\u1ee7a Shuliy<\/h2>    <p>Kh\u00e1ch h\u00e0ng c\u1ee7a ch\u00fang t\u00f4i \u0111\u1ebfn t\u1eeb nhi\u1ec1u qu\u1ed1c gia kh\u00e1c nhau v\u00e0 thu\u1ed9c nhi\u1ec1u ng\u00e0nh c\u00f4ng nghi\u1ec7p \u0111a d\u1ea1ng. Do \u0111\u00f3, kh\u00e1ch h\u00e0ng c\u00f3 ki\u1ebfn th\u1ee9c kh\u00e1c nhau v\u1ec1 s\u1ea3n ph\u1ea9m v\u00e0 th\u01b0\u01a1ng m\u1ea1i nh\u1eadp kh\u1ea9u\/xu\u1ea5t kh\u1ea9u. V\u00ec v\u1eady, kh\u00e1ch h\u00e0ng c\u00f3 nh\u1eefng tr\u1ecdng t\u00e2m kh\u00e1c nhau v\u1ec1 nhu c\u1ea7u c\u1ee7a h\u1ecd. Qu\u00e1 tr\u00ecnh mua h\u00e0ng tr\u01b0\u1edbc c\u00e1c kh\u00e1ch h\u00e0ng kh\u00e1c nh\u01b0 sau.<\/p>    <p>1. Kh\u00e1ch h\u00e0ng l\u1ea7n \u0111\u1ea7u th\u1ef1c hi\u1ec7n giao d\u1ecbch th\u01b0\u01a1ng m\u1ea1i qu\u1ed1c t\u1ebf. Lo\u1ea1i kh\u00e1ch h\u00e0ng n\u00e0y kh\u00f4ng c\u00f3 kinh nghi\u1ec7m mua h\u00e0ng, ch\u00fang t\u00f4i s\u1ebd gi\u1ea3i th\u00edch chi ti\u1ebft cho kh\u00e1ch h\u00e0ng v\u1ec1 m\u1ecdi kh\u00eda c\u1ea1nh c\u1ee7a qu\u00e1 tr\u00ecnh mua h\u00e0ng. Qu\u00e1 tr\u00ecnh mua h\u00e0ng c\u1ee7a ch\u00fang t\u00f4i th\u01b0\u1eddng bao g\u1ed3m gi\u1edbi thi\u1ec7u tr\u01b0\u1edbc b\u00e1n v\u1ec1 m\u00e1y m\u00f3c, li\u00ean l\u1ea1c trong qu\u00e1 tr\u00ecnh b\u00e1n h\u00e0ng v\u00e0 chi ti\u1ebft thanh to\u00e1n, d\u1ecbch v\u1ee5 h\u1eadu m\u00e3i, v.v. Qu\u00e1 tr\u00ecnh chi ti\u1ebft \u0111\u01b0\u1ee3c tr\u00ecnh b\u00e0y d\u01b0\u1edbi \u0111\u00e2y.<\/p>    <figure class=\"wp-block-image size-full\"><img loading=\"lazy\" decoding=\"async\" width=\"1256\" height=\"540\" src=\"https:\/\/www.shuliy.com\/wp-content\/uploads\/2023\/02\/1-.webp\" alt=\"\" class=\"wp-image-5212\"\/><\/figure>    <p>2. Kh\u00e1ch h\u00e0ng c\u00f3 kinh nghi\u1ec7m. Ch\u00fang t\u00f4i c\u0169ng c\u00f3 nhi\u1ec1u kh\u00e1ch h\u00e0ng chuy\u00ean v\u1ec1 nh\u1eadp kh\u1ea9u v\u00e0 xu\u1ea5t kh\u1ea9u. Kh\u00e1ch h\u00e0ng n\u00e0y quen thu\u1ed9c v\u1edbi quy tr\u00ecnh mua h\u00e0ng v\u00e0 th\u01b0\u1eddng c\u00f3 m\u1ed9t \u0111\u1ea1i l\u00fd v\u1eadn chuy\u1ec3n \u1edf Trung Qu\u1ed1c. Do \u0111\u00f3, lo\u1ea1i kh\u00e1ch h\u00e0ng n\u00e0y th\u01b0\u1eddng t\u1eadp trung v\u00e0o c\u00e1c kh\u00eda c\u1ea1nh c\u1ee7a s\u1ea3n ph\u1ea9m m\u00e0 h\u1ecd bi\u1ebft th\u00f4ng tin v\u1ec1. V\u00ed d\u1ee5, c\u00e1c th\u00f4ng s\u1ed1 c\u1ee7a m\u00e1y, chi ti\u1ebft, h\u00ecnh \u1ea3nh, video, ch\u1ee9ng ch\u1ec9, c\u00f4ng su\u1ea5t, v.v. D\u01b0\u1edbi \u0111\u00e2y l\u00e0 s\u01a1 \u0111\u1ed3 quy tr\u00ecnh mua h\u00e0ng t\u01b0\u01a1ng \u1ee9ng.<\/p>    <figure class=\"wp-block-image size-full\"><img loading=\"lazy\" decoding=\"async\" width=\"1256\" height=\"540\" src=\"https:\/\/www.shuliy.com\/wp-content\/uploads\/2023\/02\/2-.webp\" alt=\"\" class=\"wp-image-5213\"\/><\/figure>    <p>D\u00f9 ng\u01b0\u1eddi mua c\u00f3 quen thu\u1ed9c v\u1edbi quy tr\u00ecnh th\u01b0\u01a1ng m\u1ea1i qu\u1ed1c t\u1ebf hay kh\u00f4ng, Shuliy s\u1ebd xem x\u00e9t v\u1ea5n \u0111\u1ec1 t\u1eeb g\u00f3c \u0111\u1ed9 c\u1ee7a kh\u00e1ch h\u00e0ng. Ch\u00fang t\u00f4i \u0111\u1ec1 xu\u1ea5t v\u00e0 gi\u1edbi thi\u1ec7u gi\u1ea3i ph\u00e1p m\u00e1y ph\u00f9 h\u1ee3p nh\u1ea5t cho kh\u00e1ch h\u00e0ng, tr\u1ea3 l\u1eddi t\u1ea5t c\u1ea3 c\u00e1c c\u00e2u h\u1ecfi v\u00e0 cung c\u1ea5p d\u1ecbch v\u1ee5 ch\u1ea5t l\u01b0\u1ee3ng t\u1ed1t nh\u1ea5t.<\/p>","protected":false},"excerpt":{"rendered":"<p>Shuliy&#8217;s purchase process Our customers come from many different countries and from a wide range of industries. As a result, customers have different knowledge about products and the import\/export trade. Therefore customers have different focuses on their needs. The buying process in the face of other customers is as follows. 1. Customers who are making [&hellip;]<\/p>\n","protected":false},"author":1,"featured_media":5065,"parent":0,"menu_order":0,"comment_status":"closed","ping_status":"closed","template":"post-templates\/page-right-content.php","meta":{"footnotes":""},"class_list":["post-5022","page","type-page","status-publish","has-post-thumbnail","hentry"],"_links":{"self":[{"href":"https:\/\/www.shuliy.com\/vi\/wp-json\/wp\/v2\/pages\/5022","targetHints":{"allow":["GET"]}}],"collection":[{"href":"https:\/\/www.shuliy.com\/vi\/wp-json\/wp\/v2\/pages"}],"about":[{"href":"https:\/\/www.shuliy.com\/vi\/wp-json\/wp\/v2\/types\/page"}],"author":[{"embeddable":true,"href":"https:\/\/www.shuliy.com\/vi\/wp-json\/wp\/v2\/users\/1"}],"replies":[{"embeddable":true,"href":"https:\/\/www.shuliy.com\/vi\/wp-json\/wp\/v2\/comments?post=5022"}],"version-history":[{"count":0,"href":"https:\/\/www.shuliy.com\/vi\/wp-json\/wp\/v2\/pages\/5022\/revisions"}],"wp:featuredmedia":[{"embeddable":true,"href":"https:\/\/www.shuliy.com\/vi\/wp-json\/wp\/v2\/media\/5065"}],"wp:attachment":[{"href":"https:\/\/www.shuliy.com\/vi\/wp-json\/wp\/v2\/media?parent=5022"}],"curies":[{"name":"wp","href":"https:\/\/api.w.org\/{rel}","templated":true}]}}