{"id":5044,"date":"2023-02-20T18:02:55","date_gmt":"2023-02-20T10:02:55","guid":{"rendered":"https:\/\/www.shuliy.com\/?page_id=5044"},"modified":"2023-02-28T14:17:22","modified_gmt":"2023-02-28T06:17:22","slug":"resellers","status":"publish","type":"page","link":"https:\/\/www.shuliy.com\/vi\/resellers\/","title":{"rendered":"Nh\u00e0 ph\u00e2n ph\u1ed1i l\u1ea1i"},"content":{"rendered":"<h2 class=\"wp-block-heading\">Tr\u1edf th\u00e0nh nh\u00e0 ph\u00e2n ph\u1ed1i c\u1ee7a Shuliy<\/h2>    <p>Ch\u00fang t\u00f4i c\u0169ng c\u00f3 nhi\u1ec1u kh\u00e1ch h\u00e0ng mua thi\u1ebft b\u1ecb c\u1ee7a ch\u00fang t\u00f4i \u0111\u1ec3 b\u00e1n t\u1ea1i \u0111\u1ecba ph\u01b0\u01a1ng. C\u00e1c lo\u1ea1i nh\u00e0 ph\u00e2n ph\u1ed1i mua m\u00e1y t\u1eeb ch\u00fang t\u00f4i v\u00e0 sau \u0111\u00f3 cung c\u1ea5p cho kh\u00e1ch h\u00e0ng cu\u1ed1i. Ch\u00fang t\u00f4i c\u00f3 nhi\u1ec1u kh\u00e1ch h\u00e0ng l\u00e0 nh\u00e0 ph\u00e2n ph\u1ed1i. \u0110\u1ec3 h\u1ed7 tr\u1ee3 kh\u00e1ch h\u00e0ng trong kinh doanh \u0111\u1ecba ph\u01b0\u01a1ng c\u1ee7a h\u1ecd, ch\u00fang t\u00f4i cung c\u1ea5p cho h\u1ecd gi\u00e1 h\u1ee3p l\u00fd t\u00f9y thu\u1ed9c v\u00e0o s\u1ed1 l\u01b0\u1ee3ng m\u00e1y h\u1ecd mua.<\/p>    <h2 class=\"wp-block-heading\">M\u1ed9t kh\u00e1ch h\u00e0ng m\u00e1y c\u1eaft r\u01a1m t\u1eeb Peru<\/h2>    <p>Kh\u00e1ch h\u00e0ng n\u00e0y c\u00f3 m\u1ed9t c\u1eeda h\u00e0ng \u1edf Peru chuy\u00ean b\u00e1n m\u00e1y m\u00f3c n\u00f4ng nghi\u1ec7p. Anh \u1ea5y \u0111\u00e3 li\u00ean h\u1ec7 v\u1edbi ch\u00fang t\u00f4i b\u1eb1ng c\u00e1ch duy\u1ec7t trang web c\u1ee7a ch\u00fang t\u00f4i v\u00e0 \u0111\u00e3 mua m\u01b0\u1eddi m\u00e1y c\u1eaft c\u1ecf t\u1eeb \u0111\u00e2y.<\/p>    <figure class=\"wp-block-image size-full\"><img loading=\"lazy\" decoding=\"async\" width=\"720\" height=\"540\" src=\"https:\/\/www.shuliy.com\/wp-content\/uploads\/2023\/02\/chaff-cutter-reseller-.webp\" alt=\"nh\u00e0 ph\u00e2n ph\u1ed1i m\u00e1y c\u1eaft r\u01a1m \" class=\"wp-image-5221\" title=\"nh\u00e0 ph\u00e2n ph\u1ed1i m\u00e1y c\u1eaft r\u01a1m \"\/><figcaption class=\"wp-element-caption\">nh\u00e0 ph\u00e2n ph\u1ed1i m\u00e1y c\u1eaft r\u01a1m<\/figcaption><\/figure>    <h2 class=\"wp-block-heading\">M\u1ed9t kh\u00e1ch h\u00e0ng m\u00e1y b\u00f3c v\u1ecf \u0111\u1eadu ph\u1ed9ng t\u1eeb Senegal<\/h2>    <p>Kh\u00e1ch h\u00e0ng c\u1ee7a ch\u00fang t\u00f4i c\u0169ng c\u00f3 m\u1ed9t c\u1eeda h\u00e0ng m\u00e1y m\u00f3c n\u00f4ng nghi\u1ec7p trong khu v\u1ef1c. Anh \u1ea5y \u0111\u00e3 li\u00ean h\u1ec7 v\u1edbi ch\u00fang t\u00f4i qua m\u1ed9t ng\u01b0\u1eddi b\u1ea1n v\u00e0 \u0111\u1ebfn th\u0103m ch\u00fang t\u00f4i. Sau khi th\u0103m, anh \u1ea5y quy\u1ebft \u0111\u1ecbnh mua 20 m\u00e1y b\u00f3c v\u1ecf \u0111\u1eadu ph\u1ed9ng.<\/p>    <figure class=\"wp-block-image size-full\"><img loading=\"lazy\" decoding=\"async\" width=\"720\" height=\"540\" src=\"https:\/\/www.shuliy.com\/wp-content\/uploads\/2023\/02\/peanut-sheller-reseller-.webp\" alt=\"nh\u00e0 ph\u00e2n ph\u1ed1i m\u00e1y b\u00f3c v\u1ecf \u0111\u1eadu ph\u1ed9ng\" class=\"wp-image-5223\" title=\"nh\u00e0 ph\u00e2n ph\u1ed1i m\u00e1y b\u00f3c v\u1ecf \u0111\u1eadu ph\u1ed9ng\"\/><figcaption class=\"wp-element-caption\">nh\u00e0 ph\u00e2n ph\u1ed1i m\u00e1y b\u00f3c v\u1ecf \u0111\u1eadu ph\u1ed9ng<\/figcaption><\/figure>    <p>Ngo\u00e0i vi\u1ec7c cung c\u1ea5p cho kh\u00e1ch h\u00e0ng gi\u00e1 h\u1ee3p l\u00fd cho m\u00e1y, ch\u00fang t\u00f4i c\u0169ng s\u1ebd cung c\u1ea5p cho kh\u00e1ch h\u00e0ng c\u00e1c ph\u1ee5 t\u00f9ng, linh ki\u1ec7n ti\u00eau hao, v.v. Ch\u00fang t\u00f4i mong mu\u1ed1n \u0111\u01b0\u1ee3c h\u1ee3p t\u00e1c v\u1edbi b\u1ea1n!<\/p>","protected":false},"excerpt":{"rendered":"<p>Become Shuliy&#8217;s resellers We also have many customers who buy our equipment to sell locally. reseller types buy machines from us and then supply them to the end customer. We have many reseller customers. In order to support our customers in their local business, we offer them the right price depending on the number of [&hellip;]<\/p>\n","protected":false},"author":1,"featured_media":0,"parent":0,"menu_order":0,"comment_status":"closed","ping_status":"closed","template":"post-templates\/page-right-content.php","meta":{"footnotes":""},"class_list":["post-5044","page","type-page","status-publish","hentry"],"_links":{"self":[{"href":"https:\/\/www.shuliy.com\/vi\/wp-json\/wp\/v2\/pages\/5044","targetHints":{"allow":["GET"]}}],"collection":[{"href":"https:\/\/www.shuliy.com\/vi\/wp-json\/wp\/v2\/pages"}],"about":[{"href":"https:\/\/www.shuliy.com\/vi\/wp-json\/wp\/v2\/types\/page"}],"author":[{"embeddable":true,"href":"https:\/\/www.shuliy.com\/vi\/wp-json\/wp\/v2\/users\/1"}],"replies":[{"embeddable":true,"href":"https:\/\/www.shuliy.com\/vi\/wp-json\/wp\/v2\/comments?post=5044"}],"version-history":[{"count":0,"href":"https:\/\/www.shuliy.com\/vi\/wp-json\/wp\/v2\/pages\/5044\/revisions"}],"wp:attachment":[{"href":"https:\/\/www.shuliy.com\/vi\/wp-json\/wp\/v2\/media?parent=5044"}],"curies":[{"name":"wp","href":"https:\/\/api.w.org\/{rel}","templated":true}]}}